{"id":45,"date":"2023-05-09T10:34:35","date_gmt":"2023-05-09T10:34:35","guid":{"rendered":"https:\/\/drbernhardjogl.at\/?page_id=45"},"modified":"2026-04-30T08:10:30","modified_gmt":"2026-04-30T08:10:30","slug":"information","status":"publish","type":"page","link":"https:\/\/drbernhardjogl.at\/index.php\/information\/","title":{"rendered":"Information"},"content":{"rendered":"\t\t<div data-elementor-type=\"wp-page\" data-elementor-id=\"45\" class=\"elementor elementor-45\" data-elementor-post-type=\"page\">\n\t\t\t\t\t\t<section class=\"elementor-section elementor-top-section elementor-element elementor-element-372fddf elementor-section-full_width elementor-section-height-default elementor-section-height-default\" data-id=\"372fddf\" data-element_type=\"section\" data-e-type=\"section\">\n\t\t\t\t\t\t<div class=\"elementor-container elementor-column-gap-default\">\n\t\t\t\t\t<div class=\"elementor-column elementor-col-100 elementor-top-column elementor-element elementor-element-67a7dc1\" data-id=\"67a7dc1\" data-element_type=\"column\" data-e-type=\"column\">\n\t\t\t<div class=\"elementor-widget-wrap elementor-element-populated\">\n\t\t\t\t\t\t<div class=\"elementor-element elementor-element-021a5f4 elementor-widget elementor-widget-heading\" data-id=\"021a5f4\" data-element_type=\"widget\" data-e-type=\"widget\" data-widget_type=\"heading.default\">\n\t\t\t\t<div class=\"elementor-widget-container\">\n\t\t\t\t\t<h2 class=\"elementor-heading-title elementor-size-default\">Informationen<\/h2>\t\t\t\t<\/div>\n\t\t\t\t<\/div>\n\t\t\t\t\t<\/div>\n\t\t<\/div>\n\t\t\t\t\t<\/div>\n\t\t<\/section>\n\t\t\t\t<section class=\"elementor-section elementor-top-section elementor-element elementor-element-eb83350 elementor-section-height-min-height elementor-section-boxed elementor-section-height-default elementor-section-items-middle\" data-id=\"eb83350\" data-element_type=\"section\" data-e-type=\"section\" data-settings=\"{&quot;background_background&quot;:&quot;classic&quot;}\">\n\t\t\t\t\t\t\t<div class=\"elementor-background-overlay\"><\/div>\n\t\t\t\t\t\t\t<div class=\"elementor-container elementor-column-gap-default\">\n\t\t\t\t\t<div class=\"elementor-column elementor-col-100 elementor-top-column elementor-element elementor-element-73f45a0\" data-id=\"73f45a0\" data-element_type=\"column\" data-e-type=\"column\" data-settings=\"{&quot;background_background&quot;:&quot;classic&quot;}\">\n\t\t\t<div class=\"elementor-widget-wrap elementor-element-populated\">\n\t\t\t\t\t\t<div class=\"elementor-element elementor-element-d3b2266 elementor-widget elementor-widget-text-editor\" data-id=\"d3b2266\" data-element_type=\"widget\" data-e-type=\"widget\" data-widget_type=\"text-editor.default\">\n\t\t\t\t<div class=\"elementor-widget-container\">\n\t\t\t\t\t\t\t\t\t<p>WICHTIG:&nbsp; MASKENPFLICHT IN UNSERER ORDINATION BEI INFEKTSYMPTOMEN !<br><\/p>\n<p>Wir bitten um Terminvereinbarung f\u00fcr \u00e4rztliche Konsultationen, Blutabnahmen und<br>Vorsorgeuntersuchungen unter Tel.: 0316\/ 585 787<br>bzw. praxis@drbernhardjogl.at<\/p>\n<p>Eine Anmeldung ist bis sp\u00e4testens 30 Minuten vor Ende der Ordinationszeiten m\u00f6glich.<\/p>\n<p>Seit 1.1.2023 muss einmal im Quartal die Original E-Card in der Ordination gesteckt werden, damit Funktionen wie etwa die Elektronische Gesundheitsakte, die E-Medikation sowie der Zugriff auf den E-Impfpass weiterhin m\u00f6glich sind.<\/p>\t\t\t\t\t\t\t\t<\/div>\n\t\t\t\t<\/div>\n\t\t\t\t\t<\/div>\n\t\t<\/div>\n\t\t\t\t\t<\/div>\n\t\t<\/section>\n\t\t\t\t<section class=\"elementor-section elementor-top-section elementor-element elementor-element-208e228 elementor-section-full_width elementor-section-height-default elementor-section-height-default\" data-id=\"208e228\" data-element_type=\"section\" data-e-type=\"section\">\n\t\t\t\t\t\t<div class=\"elementor-container elementor-column-gap-default\">\n\t\t\t\t\t<div class=\"elementor-column elementor-col-33 elementor-top-column elementor-element elementor-element-6efbdeb\" data-id=\"6efbdeb\" data-element_type=\"column\" data-e-type=\"column\">\n\t\t\t<div class=\"elementor-widget-wrap elementor-element-populated\">\n\t\t\t\t\t\t<div class=\"elementor-element elementor-element-34c3c98 elementor-widget elementor-widget-heading\" data-id=\"34c3c98\" data-element_type=\"widget\" data-e-type=\"widget\" data-widget_type=\"heading.default\">\n\t\t\t\t<div class=\"elementor-widget-container\">\n\t\t\t\t\t<h2 class=\"elementor-heading-title elementor-size-default\">Email<\/h2>\t\t\t\t<\/div>\n\t\t\t\t<\/div>\n\t\t\t\t<div class=\"elementor-element elementor-element-073442b elementor-widget elementor-widget-text-editor\" data-id=\"073442b\" data-element_type=\"widget\" data-e-type=\"widget\" data-widget_type=\"text-editor.default\">\n\t\t\t\t<div class=\"elementor-widget-container\">\n\t\t\t\t\t\t\t\t\t<p>Eine Terminvereinbarung sowie die Rezeptbestellung f\u00fcr Dauermedikamente ist auch per E-Mail m\u00f6glich. Wir bitten um Verst\u00e4ndnis, dass keine<br \/>medizinischen Fragen oder Ausk\u00fcnfte per E-Mail bearbeitet oder beantwortet werden. Rezepte, \u00dcberweisungen sowie Befunde k\u00f6nnen aber auch ohne Termin abgeholt werden.<\/p>\t\t\t\t\t\t\t\t<\/div>\n\t\t\t\t<\/div>\n\t\t\t\t<div class=\"elementor-element elementor-element-95cd434 elementor-align-center elementor-widget elementor-widget-button\" data-id=\"95cd434\" data-element_type=\"widget\" data-e-type=\"widget\" data-widget_type=\"button.default\">\n\t\t\t\t<div class=\"elementor-widget-container\">\n\t\t\t\t\t\t\t\t\t<div class=\"elementor-button-wrapper\">\n\t\t\t\t\t<a class=\"elementor-button elementor-button-link elementor-size-sm elementor-animation-grow\" href=\"https:\/\/drbernhardjogl.at\/index.php\/kontakt\/\">\n\t\t\t\t\t\t<span class=\"elementor-button-content-wrapper\">\n\t\t\t\t\t\t\t\t\t<span class=\"elementor-button-text\">Termin<\/span>\n\t\t\t\t\t<\/span>\n\t\t\t\t\t<\/a>\n\t\t\t\t<\/div>\n\t\t\t\t\t\t\t\t<\/div>\n\t\t\t\t<\/div>\n\t\t\t\t\t<\/div>\n\t\t<\/div>\n\t\t\t\t<div class=\"elementor-column elementor-col-33 elementor-top-column elementor-element elementor-element-79bada3\" data-id=\"79bada3\" data-element_type=\"column\" data-e-type=\"column\" id=\"urlaub\">\n\t\t\t<div class=\"elementor-widget-wrap elementor-element-populated\">\n\t\t\t\t\t\t<div class=\"elementor-element elementor-element-d6b7971 elementor-widget elementor-widget-heading\" data-id=\"d6b7971\" data-element_type=\"widget\" data-e-type=\"widget\" data-widget_type=\"heading.default\">\n\t\t\t\t<div class=\"elementor-widget-container\">\n\t\t\t\t\t<h2 class=\"elementor-heading-title elementor-size-default\">Urlaub<\/h2>\t\t\t\t<\/div>\n\t\t\t\t<\/div>\n\t\t\t\t<div class=\"elementor-element elementor-element-1d3c92e elementor-widget__width-initial elementor-widget elementor-widget-text-editor\" data-id=\"1d3c92e\" data-element_type=\"widget\" data-e-type=\"widget\" data-widget_type=\"text-editor.default\">\n\t\t\t\t<div class=\"elementor-widget-container\">\n\t\t\t\t\t\t\t\t\t<p style=\"text-align: center;\">Die Ordination ist geschlossen:<br \/>\u00a0am 01.06.2026 und 05.06.2026.\u00a0 \u00a0 \u00a0 \u00a0 \u00a0<\/p>\t\t\t\t\t\t\t\t<\/div>\n\t\t\t\t<\/div>\n\t\t\t\t<div class=\"elementor-element elementor-element-11b4525 elementor-widget elementor-widget-heading\" data-id=\"11b4525\" data-element_type=\"widget\" data-e-type=\"widget\" data-widget_type=\"heading.default\">\n\t\t\t\t<div class=\"elementor-widget-container\">\n\t\t\t\t\t<h3 class=\"elementor-heading-title elementor-size-default\">Vertretung:<\/h3>\t\t\t\t<\/div>\n\t\t\t\t<\/div>\n\t\t\t\t<div class=\"elementor-element elementor-element-cad4f1e elementor-widget__width-initial elementor-widget elementor-widget-text-editor\" data-id=\"cad4f1e\" data-element_type=\"widget\" data-e-type=\"widget\" data-widget_type=\"text-editor.default\">\n\t\t\t\t<div class=\"elementor-widget-container\">\n\t\t\t\t\t\t\t\t\t<p style=\"text-align: center;\">Vertreten werde ich in dieser Zeit von:<\/p><p>\u00a0<\/p><p style=\"text-align: center;\">PVE Haus\u00e4rztinnen Eggenberg<\/p><p style=\"text-align: center;\">PVE Smart City Lendarztpraxis<\/p><p style=\"text-align: center;\">\u00a0<\/p>\t\t\t\t\t\t\t\t<\/div>\n\t\t\t\t<\/div>\n\t\t\t\t\t<\/div>\n\t\t<\/div>\n\t\t\t\t<div class=\"elementor-column elementor-col-33 elementor-top-column elementor-element elementor-element-4197ed1\" data-id=\"4197ed1\" data-element_type=\"column\" data-e-type=\"column\">\n\t\t\t<div class=\"elementor-widget-wrap elementor-element-populated\">\n\t\t\t\t\t\t<div class=\"elementor-element elementor-element-ec0d40a elementor-widget elementor-widget-heading\" data-id=\"ec0d40a\" data-element_type=\"widget\" data-e-type=\"widget\" data-widget_type=\"heading.default\">\n\t\t\t\t<div class=\"elementor-widget-container\">\n\t\t\t\t\t<h2 class=\"elementor-heading-title elementor-size-default\">Rezept&shy;anforderungen<\/h2>\t\t\t\t<\/div>\n\t\t\t\t<\/div>\n\t\t\t\t<div class=\"elementor-element elementor-element-9e1c978 elementor-widget__width-initial elementor-widget elementor-widget-text-editor\" data-id=\"9e1c978\" data-element_type=\"widget\" data-e-type=\"widget\" data-widget_type=\"text-editor.default\">\n\t\t\t\t<div class=\"elementor-widget-container\">\n\t\t\t\t\t\t\t\t\t<p>Rezeptanforderung Ihrer Dauermedikamente k\u00f6nnen online beantragt werden. Dieser Service umfasst keine Neueinstellung und ersetzt nicht das \u00e4rztliche Gespr\u00e4ch.<\/p>\t\t\t\t\t\t\t\t<\/div>\n\t\t\t\t<\/div>\n\t\t\t\t<div class=\"elementor-element elementor-element-7cbeb88 elementor-widget elementor-widget-spacer\" data-id=\"7cbeb88\" data-element_type=\"widget\" data-e-type=\"widget\" data-widget_type=\"spacer.default\">\n\t\t\t\t<div class=\"elementor-widget-container\">\n\t\t\t\t\t\t\t<div class=\"elementor-spacer\">\n\t\t\t<div class=\"elementor-spacer-inner\"><\/div>\n\t\t<\/div>\n\t\t\t\t\t\t<\/div>\n\t\t\t\t<\/div>\n\t\t\t\t<div class=\"elementor-element elementor-element-cc3a174 elementor-align-center elementor-widget elementor-widget-button\" data-id=\"cc3a174\" data-element_type=\"widget\" data-e-type=\"widget\" data-widget_type=\"button.default\">\n\t\t\t\t<div class=\"elementor-widget-container\">\n\t\t\t\t\t\t\t\t\t<div class=\"elementor-button-wrapper\">\n\t\t\t\t\t<a class=\"elementor-button elementor-button-link elementor-size-sm elementor-animation-grow\" href=\"https:\/\/drbernhardjogl.at\/index.php\/rezeptbestellung\/\">\n\t\t\t\t\t\t<span class=\"elementor-button-content-wrapper\">\n\t\t\t\t\t\t\t\t\t<span class=\"elementor-button-text\">Rezept<\/span>\n\t\t\t\t\t<\/span>\n\t\t\t\t\t<\/a>\n\t\t\t\t<\/div>\n\t\t\t\t\t\t\t\t<\/div>\n\t\t\t\t<\/div>\n\t\t\t\t\t<\/div>\n\t\t<\/div>\n\t\t\t\t\t<\/div>\n\t\t<\/section>\n\t\t\t\t<section class=\"elementor-section elementor-top-section elementor-element elementor-element-264510d elementor-section-full_width elementor-section-height-default elementor-section-height-default\" data-id=\"264510d\" data-element_type=\"section\" data-e-type=\"section\">\n\t\t\t\t\t\t<div class=\"elementor-container elementor-column-gap-default\">\n\t\t\t\t\t<div class=\"elementor-column elementor-col-100 elementor-top-column elementor-element elementor-element-3ed2410\" data-id=\"3ed2410\" data-element_type=\"column\" data-e-type=\"column\">\n\t\t\t<div class=\"elementor-widget-wrap elementor-element-populated\">\n\t\t\t\t\t\t<div class=\"elementor-element elementor-element-2efae83 elementor-widget-divider--view-line elementor-widget elementor-widget-divider\" data-id=\"2efae83\" data-element_type=\"widget\" data-e-type=\"widget\" data-widget_type=\"divider.default\">\n\t\t\t\t<div class=\"elementor-widget-container\">\n\t\t\t\t\t\t\t<div class=\"elementor-divider\">\n\t\t\t<span class=\"elementor-divider-separator\">\n\t\t\t\t\t\t<\/span>\n\t\t<\/div>\n\t\t\t\t\t\t<\/div>\n\t\t\t\t<\/div>\n\t\t\t\t\t<\/div>\n\t\t<\/div>\n\t\t\t\t\t<\/div>\n\t\t<\/section>\n\t\t\t\t<section class=\"elementor-section elementor-top-section elementor-element elementor-element-39029d2 elementor-section-boxed elementor-section-height-default elementor-section-height-default\" data-id=\"39029d2\" data-element_type=\"section\" data-e-type=\"section\">\n\t\t\t\t\t\t<div class=\"elementor-container elementor-column-gap-default\">\n\t\t\t\t\t<div class=\"elementor-column elementor-col-50 elementor-top-column elementor-element elementor-element-e08323a\" data-id=\"e08323a\" data-element_type=\"column\" data-e-type=\"column\">\n\t\t\t<div class=\"elementor-widget-wrap elementor-element-populated\">\n\t\t\t\t\t\t<div class=\"elementor-element elementor-element-bc3f339 elementor-widget elementor-widget-text-editor\" data-id=\"bc3f339\" data-element_type=\"widget\" data-e-type=\"widget\" data-widget_type=\"text-editor.default\">\n\t\t\t\t<div class=\"elementor-widget-container\">\n\t\t\t\t\t\t\t\t\t<p>Aus Datenschutzgr\u00fcnden ist es uns nicht m\u00f6glich Gesundheitsdaten wie Befunde, Krankmeldungen, \u00dcberweisungen, Verordnungsscheine etc. via E-Mail oder Fax zu versenden.<\/p>\t\t\t\t\t\t\t\t<\/div>\n\t\t\t\t<\/div>\n\t\t\t\t\t<\/div>\n\t\t<\/div>\n\t\t\t\t<div class=\"elementor-column elementor-col-50 elementor-top-column elementor-element elementor-element-58a9484\" data-id=\"58a9484\" data-element_type=\"column\" data-e-type=\"column\">\n\t\t\t<div class=\"elementor-widget-wrap elementor-element-populated\">\n\t\t\t\t\t\t<div class=\"elementor-element elementor-element-9285dd5 elementor-widget elementor-widget-text-editor\" data-id=\"9285dd5\" data-element_type=\"widget\" data-e-type=\"widget\" data-widget_type=\"text-editor.default\">\n\t\t\t\t<div class=\"elementor-widget-container\">\n\t\t\t\t\t\t\t\t\t<p><strong>Notf\u00e4lle:<\/strong> Bei schweren Notf\u00e4llen und unmittelbarer Lebensgefahr ist unverz\u00fcglich der Notruf des \u00f6sterreichischen Roten Kreuzes unter Telefon 144 anzurufen.<br \/>Au\u00dferhalb der Ordinationszeiten und nicht Erreichbarkeit einer Vertretung ist im Erkrankungsfall der \u00c4rztenotdienst zust\u00e4ndig (Telefon 141).<\/p>\t\t\t\t\t\t\t\t<\/div>\n\t\t\t\t<\/div>\n\t\t\t\t\t<\/div>\n\t\t<\/div>\n\t\t\t\t\t<\/div>\n\t\t<\/section>\n\t\t\t\t<section class=\"elementor-section elementor-top-section elementor-element elementor-element-8a124b2 elementor-section-boxed elementor-section-height-default elementor-section-height-default\" data-id=\"8a124b2\" data-element_type=\"section\" data-e-type=\"section\">\n\t\t\t\t\t\t<div class=\"elementor-container elementor-column-gap-default\">\n\t\t\t\t\t<div class=\"elementor-column elementor-col-100 elementor-top-column elementor-element elementor-element-e73064a\" data-id=\"e73064a\" data-element_type=\"column\" data-e-type=\"column\">\n\t\t\t<div class=\"elementor-widget-wrap elementor-element-populated\">\n\t\t\t\t\t\t<div class=\"elementor-element elementor-element-8aa5ca6 elementor-widget elementor-widget-heading\" data-id=\"8aa5ca6\" data-element_type=\"widget\" data-e-type=\"widget\" data-widget_type=\"heading.default\">\n\t\t\t\t<div class=\"elementor-widget-container\">\n\t\t\t\t\t<h2 class=\"elementor-heading-title elementor-size-default\">Links<\/h2>\t\t\t\t<\/div>\n\t\t\t\t<\/div>\n\t\t\t\t<div class=\"elementor-element elementor-element-cae0dc0 elementor-widget elementor-widget-text-editor\" data-id=\"cae0dc0\" data-element_type=\"widget\" data-e-type=\"widget\" data-widget_type=\"text-editor.default\">\n\t\t\t\t<div class=\"elementor-widget-container\">\n\t\t\t\t\t\t\t\t\t<p><a href=\"https:\/\/www.apothekenindex.at\/apotheken\/\">\u00d6sterreichische Apothekendatenbank (apothekenindex.at)<\/a><\/p><p><a href=\"https:\/\/www.aekstmk.or.at\/361\">\u00c4rztenotdienst Graz : \u00c4rztekammer Steiermark (aekstmk.or.at)<\/a><\/p>\t\t\t\t\t\t\t\t<\/div>\n\t\t\t\t<\/div>\n\t\t\t\t<div class=\"elementor-element elementor-element-cf6eae9 elementor-widget elementor-widget-text-editor\" data-id=\"cf6eae9\" data-element_type=\"widget\" data-e-type=\"widget\" data-widget_type=\"text-editor.default\">\n\t\t\t\t<div class=\"elementor-widget-container\">\n\t\t\t\t\t\t\t\t\t<p>Die Gem\u00e4lde in den Praxisr\u00e4umlichkeiten werden mir freundlicherweise von meinem Schwager, dem K\u00fcnstler<\/p><p>Gerhard Almbauer zu Verf\u00fcgung gestellt. Alle Bilder sind k\u00e4uflich zu erwerben! <\/p><p>Visitenkarten sowie Informationen diesbez\u00fcglich sind an der Anmeldung erh\u00e4ltlich.<\/p>\t\t\t\t\t\t\t\t<\/div>\n\t\t\t\t<\/div>\n\t\t\t\t\t<\/div>\n\t\t<\/div>\n\t\t\t\t\t<\/div>\n\t\t<\/section>\n\t\t\t\t<section class=\"elementor-section elementor-top-section elementor-element elementor-element-b0de651 elementor-section-boxed elementor-section-height-default elementor-section-height-default\" data-id=\"b0de651\" data-element_type=\"section\" data-e-type=\"section\">\n\t\t\t\t\t\t<div class=\"elementor-container elementor-column-gap-default\">\n\t\t\t\t\t<div class=\"elementor-column elementor-col-100 elementor-top-column elementor-element elementor-element-414683a\" data-id=\"414683a\" data-element_type=\"column\" data-e-type=\"column\">\n\t\t\t<div class=\"elementor-widget-wrap elementor-element-populated\">\n\t\t\t\t\t\t\t<\/div>\n\t\t<\/div>\n\t\t\t\t\t<\/div>\n\t\t<\/section>\n\t\t\t\t<section class=\"elementor-section elementor-top-section elementor-element elementor-element-7f9f55e elementor-section-boxed elementor-section-height-default elementor-section-height-default\" data-id=\"7f9f55e\" data-element_type=\"section\" data-e-type=\"section\">\n\t\t\t\t\t\t<div class=\"elementor-container elementor-column-gap-default\">\n\t\t\t\t\t<div class=\"elementor-column elementor-col-100 elementor-top-column elementor-element elementor-element-b2d181f\" data-id=\"b2d181f\" data-element_type=\"column\" data-e-type=\"column\">\n\t\t\t<div class=\"elementor-widget-wrap elementor-element-populated\">\n\t\t\t\t\t\t\t<\/div>\n\t\t<\/div>\n\t\t\t\t\t<\/div>\n\t\t<\/section>\n\t\t\t\t<\/div>\n\t\t","protected":false},"excerpt":{"rendered":"<p>Informationen WICHTIG:&nbsp; MASKENPFLICHT IN UNSERER ORDINATION BEI INFEKTSYMPTOMEN ! Wir bitten um Terminvereinbarung f\u00fcr \u00e4rztliche Konsultationen, Blutabnahmen undVorsorgeuntersuchungen unter Tel.: 0316\/ 585 787bzw. praxis@drbernhardjogl.at Eine Anmeldung ist bis sp\u00e4testens 30 Minuten vor Ende der Ordinationszeiten m\u00f6glich. Seit 1.1.2023 muss einmal im Quartal die Original E-Card in der Ordination gesteckt werden, damit Funktionen wie etwa die [&hellip;]<\/p>\n","protected":false},"author":3,"featured_media":0,"parent":0,"menu_order":0,"comment_status":"closed","ping_status":"closed","template":"elementor_header_footer","meta":{"footnotes":""},"class_list":["post-45","page","type-page","status-publish","hentry"],"yoast_head":"<!-- This site is optimized with the Yoast SEO plugin v27.5 - https:\/\/yoast.com\/product\/yoast-seo-wordpress\/ -->\n<title>Information - DDr. Bernhard Jogl<\/title>\n<meta name=\"robots\" content=\"index, follow, max-snippet:-1, max-image-preview:large, max-video-preview:-1\" \/>\n<link rel=\"canonical\" href=\"https:\/\/drbernhardjogl.at\/index.php\/information\/\" \/>\n<meta property=\"og:locale\" content=\"de_DE\" \/>\n<meta property=\"og:type\" content=\"article\" \/>\n<meta property=\"og:title\" content=\"Information - DDr. Bernhard Jogl\" \/>\n<meta property=\"og:description\" content=\"Informationen WICHTIG:&nbsp; MASKENPFLICHT IN UNSERER ORDINATION BEI INFEKTSYMPTOMEN ! Wir bitten um Terminvereinbarung f\u00fcr \u00e4rztliche Konsultationen, Blutabnahmen undVorsorgeuntersuchungen unter Tel.: 0316\/ 585 787bzw. praxis@drbernhardjogl.at Eine Anmeldung ist bis sp\u00e4testens 30 Minuten vor Ende der Ordinationszeiten m\u00f6glich. Seit 1.1.2023 muss einmal im Quartal die Original E-Card in der Ordination gesteckt werden, damit Funktionen wie etwa die [&hellip;]\" \/>\n<meta property=\"og:url\" content=\"https:\/\/drbernhardjogl.at\/index.php\/information\/\" \/>\n<meta property=\"og:site_name\" content=\"DDr. Bernhard Jogl\" \/>\n<meta property=\"article:modified_time\" content=\"2026-04-30T08:10:30+00:00\" \/>\n<meta name=\"twitter:card\" content=\"summary_large_image\" \/>\n<meta name=\"twitter:label1\" content=\"Gesch\u00e4tzte Lesezeit\" \/>\n\t<meta name=\"twitter:data1\" content=\"2\u00a0Minuten\" \/>\n<script type=\"application\/ld+json\" class=\"yoast-schema-graph\">{\"@context\":\"https:\\\/\\\/schema.org\",\"@graph\":[{\"@type\":\"WebPage\",\"@id\":\"https:\\\/\\\/drbernhardjogl.at\\\/index.php\\\/information\\\/\",\"url\":\"https:\\\/\\\/drbernhardjogl.at\\\/index.php\\\/information\\\/\",\"name\":\"Information - DDr. Bernhard Jogl\",\"isPartOf\":{\"@id\":\"https:\\\/\\\/drbernhardjogl.at\\\/#website\"},\"datePublished\":\"2023-05-09T10:34:35+00:00\",\"dateModified\":\"2026-04-30T08:10:30+00:00\",\"breadcrumb\":{\"@id\":\"https:\\\/\\\/drbernhardjogl.at\\\/index.php\\\/information\\\/#breadcrumb\"},\"inLanguage\":\"de\",\"potentialAction\":[{\"@type\":\"ReadAction\",\"target\":[\"https:\\\/\\\/drbernhardjogl.at\\\/index.php\\\/information\\\/\"]}]},{\"@type\":\"BreadcrumbList\",\"@id\":\"https:\\\/\\\/drbernhardjogl.at\\\/index.php\\\/information\\\/#breadcrumb\",\"itemListElement\":[{\"@type\":\"ListItem\",\"position\":1,\"name\":\"Startseite\",\"item\":\"https:\\\/\\\/drbernhardjogl.at\\\/\"},{\"@type\":\"ListItem\",\"position\":2,\"name\":\"Information\"}]},{\"@type\":\"WebSite\",\"@id\":\"https:\\\/\\\/drbernhardjogl.at\\\/#website\",\"url\":\"https:\\\/\\\/drbernhardjogl.at\\\/\",\"name\":\"DDr. Bernhard Jogl\",\"description\":\"Arzt f\u00fcr Allgemeinmedizin Alle Kassen und Privat\",\"potentialAction\":[{\"@type\":\"SearchAction\",\"target\":{\"@type\":\"EntryPoint\",\"urlTemplate\":\"https:\\\/\\\/drbernhardjogl.at\\\/?s={search_term_string}\"},\"query-input\":{\"@type\":\"PropertyValueSpecification\",\"valueRequired\":true,\"valueName\":\"search_term_string\"}}],\"inLanguage\":\"de\"}]}<\/script>\n<!-- \/ Yoast SEO plugin. -->","yoast_head_json":{"title":"Information - DDr. Bernhard Jogl","robots":{"index":"index","follow":"follow","max-snippet":"max-snippet:-1","max-image-preview":"max-image-preview:large","max-video-preview":"max-video-preview:-1"},"canonical":"https:\/\/drbernhardjogl.at\/index.php\/information\/","og_locale":"de_DE","og_type":"article","og_title":"Information - DDr. Bernhard Jogl","og_description":"Informationen WICHTIG:&nbsp; MASKENPFLICHT IN UNSERER ORDINATION BEI INFEKTSYMPTOMEN ! Wir bitten um Terminvereinbarung f\u00fcr \u00e4rztliche Konsultationen, Blutabnahmen undVorsorgeuntersuchungen unter Tel.: 0316\/ 585 787bzw. praxis@drbernhardjogl.at Eine Anmeldung ist bis sp\u00e4testens 30 Minuten vor Ende der Ordinationszeiten m\u00f6glich. Seit 1.1.2023 muss einmal im Quartal die Original E-Card in der Ordination gesteckt werden, damit Funktionen wie etwa die [&hellip;]","og_url":"https:\/\/drbernhardjogl.at\/index.php\/information\/","og_site_name":"DDr. Bernhard Jogl","article_modified_time":"2026-04-30T08:10:30+00:00","twitter_card":"summary_large_image","twitter_misc":{"Gesch\u00e4tzte Lesezeit":"2\u00a0Minuten"},"schema":{"@context":"https:\/\/schema.org","@graph":[{"@type":"WebPage","@id":"https:\/\/drbernhardjogl.at\/index.php\/information\/","url":"https:\/\/drbernhardjogl.at\/index.php\/information\/","name":"Information - DDr. Bernhard Jogl","isPartOf":{"@id":"https:\/\/drbernhardjogl.at\/#website"},"datePublished":"2023-05-09T10:34:35+00:00","dateModified":"2026-04-30T08:10:30+00:00","breadcrumb":{"@id":"https:\/\/drbernhardjogl.at\/index.php\/information\/#breadcrumb"},"inLanguage":"de","potentialAction":[{"@type":"ReadAction","target":["https:\/\/drbernhardjogl.at\/index.php\/information\/"]}]},{"@type":"BreadcrumbList","@id":"https:\/\/drbernhardjogl.at\/index.php\/information\/#breadcrumb","itemListElement":[{"@type":"ListItem","position":1,"name":"Startseite","item":"https:\/\/drbernhardjogl.at\/"},{"@type":"ListItem","position":2,"name":"Information"}]},{"@type":"WebSite","@id":"https:\/\/drbernhardjogl.at\/#website","url":"https:\/\/drbernhardjogl.at\/","name":"DDr. Bernhard Jogl","description":"Arzt f\u00fcr Allgemeinmedizin Alle Kassen und Privat","potentialAction":[{"@type":"SearchAction","target":{"@type":"EntryPoint","urlTemplate":"https:\/\/drbernhardjogl.at\/?s={search_term_string}"},"query-input":{"@type":"PropertyValueSpecification","valueRequired":true,"valueName":"search_term_string"}}],"inLanguage":"de"}]}},"_links":{"self":[{"href":"https:\/\/drbernhardjogl.at\/index.php\/wp-json\/wp\/v2\/pages\/45","targetHints":{"allow":["GET"]}}],"collection":[{"href":"https:\/\/drbernhardjogl.at\/index.php\/wp-json\/wp\/v2\/pages"}],"about":[{"href":"https:\/\/drbernhardjogl.at\/index.php\/wp-json\/wp\/v2\/types\/page"}],"author":[{"embeddable":true,"href":"https:\/\/drbernhardjogl.at\/index.php\/wp-json\/wp\/v2\/users\/3"}],"replies":[{"embeddable":true,"href":"https:\/\/drbernhardjogl.at\/index.php\/wp-json\/wp\/v2\/comments?post=45"}],"version-history":[{"count":253,"href":"https:\/\/drbernhardjogl.at\/index.php\/wp-json\/wp\/v2\/pages\/45\/revisions"}],"predecessor-version":[{"id":1068,"href":"https:\/\/drbernhardjogl.at\/index.php\/wp-json\/wp\/v2\/pages\/45\/revisions\/1068"}],"wp:attachment":[{"href":"https:\/\/drbernhardjogl.at\/index.php\/wp-json\/wp\/v2\/media?parent=45"}],"curies":[{"name":"wp","href":"https:\/\/api.w.org\/{rel}","templated":true}]}}