{"id":52,"date":"2023-05-09T10:36:15","date_gmt":"2023-05-09T10:36:15","guid":{"rendered":"https:\/\/drbernhardjogl.at\/?page_id=52"},"modified":"2024-06-10T13:04:55","modified_gmt":"2024-06-10T13:04:55","slug":"ueber-die-praxis","status":"publish","type":"page","link":"https:\/\/drbernhardjogl.at\/index.php\/ueber-die-praxis\/","title":{"rendered":"Bildergalerie"},"content":{"rendered":"\t\t<div data-elementor-type=\"wp-page\" data-elementor-id=\"52\" class=\"elementor elementor-52\" data-elementor-post-type=\"page\">\n\t\t\t\t\t\t<section class=\"elementor-section elementor-top-section elementor-element elementor-element-8bab194 elementor-section-height-min-height elementor-section-boxed elementor-section-height-default elementor-section-items-middle\" data-id=\"8bab194\" data-element_type=\"section\" data-e-type=\"section\" data-settings=\"{&quot;background_background&quot;:&quot;classic&quot;}\">\n\t\t\t\t\t\t<div class=\"elementor-container elementor-column-gap-default\">\n\t\t\t\t\t<div class=\"elementor-column elementor-col-100 elementor-top-column elementor-element elementor-element-aeab35c\" data-id=\"aeab35c\" data-element_type=\"column\" data-e-type=\"column\">\n\t\t\t<div class=\"elementor-widget-wrap elementor-element-populated\">\n\t\t\t\t\t\t<div class=\"elementor-element elementor-element-946eff6 elementor-widget elementor-widget-heading\" data-id=\"946eff6\" data-element_type=\"widget\" data-e-type=\"widget\" data-widget_type=\"heading.default\">\n\t\t\t\t<div class=\"elementor-widget-container\">\n\t\t\t\t\t<h2 class=\"elementor-heading-title elementor-size-default\">Bildergalerie<\/h2>\t\t\t\t<\/div>\n\t\t\t\t<\/div>\n\t\t\t\t\t<\/div>\n\t\t<\/div>\n\t\t\t\t\t<\/div>\n\t\t<\/section>\n\t\t\t\t<section class=\"elementor-section elementor-top-section elementor-element elementor-element-5a25c12 elementor-section-boxed elementor-section-height-default elementor-section-height-default\" data-id=\"5a25c12\" data-element_type=\"section\" data-e-type=\"section\">\n\t\t\t\t\t\t<div class=\"elementor-container elementor-column-gap-default\">\n\t\t\t\t\t<div class=\"elementor-column elementor-col-100 elementor-top-column elementor-element elementor-element-655146b\" data-id=\"655146b\" data-element_type=\"column\" data-e-type=\"column\">\n\t\t\t<div class=\"elementor-widget-wrap elementor-element-populated\">\n\t\t\t\t\t\t<div class=\"elementor-element elementor-element-0dcfa42 elementor-arrows-position-inside elementor-widget elementor-widget-image-carousel\" data-id=\"0dcfa42\" data-element_type=\"widget\" data-e-type=\"widget\" data-settings=\"{&quot;slides_to_show&quot;:&quot;1&quot;,&quot;navigation&quot;:&quot;arrows&quot;,&quot;autoplay&quot;:&quot;yes&quot;,&quot;pause_on_hover&quot;:&quot;yes&quot;,&quot;pause_on_interaction&quot;:&quot;yes&quot;,&quot;autoplay_speed&quot;:5000,&quot;infinite&quot;:&quot;yes&quot;,&quot;effect&quot;:&quot;slide&quot;,&quot;speed&quot;:500}\" data-widget_type=\"image-carousel.default\">\n\t\t\t\t<div class=\"elementor-widget-container\">\n\t\t\t\t\t\t\t<div class=\"elementor-image-carousel-wrapper swiper\" role=\"region\" aria-roledescription=\"carousel\" aria-label=\"Bild Karussell\" dir=\"ltr\">\n\t\t\t<div class=\"elementor-image-carousel swiper-wrapper\" aria-live=\"off\">\n\t\t\t\t\t\t\t\t<div class=\"swiper-slide\" role=\"group\" aria-roledescription=\"slide\" aria-label=\"1 von 10\"><figure class=\"swiper-slide-inner\"><img decoding=\"async\" class=\"swiper-slide-image\" src=\"https:\/\/drbernhardjogl.at\/wp-content\/uploads\/2023\/05\/Jogl1-094-scaled.jpg\" alt=\"Jogl1-094\" \/><\/figure><\/div><div class=\"swiper-slide\" role=\"group\" aria-roledescription=\"slide\" aria-label=\"2 von 10\"><figure class=\"swiper-slide-inner\"><img decoding=\"async\" class=\"swiper-slide-image\" src=\"https:\/\/drbernhardjogl.at\/wp-content\/uploads\/2023\/05\/Jogl1-318-1-scaled.jpg\" alt=\"Jogl1-318\" \/><\/figure><\/div><div class=\"swiper-slide\" role=\"group\" aria-roledescription=\"slide\" aria-label=\"3 von 10\"><figure class=\"swiper-slide-inner\"><img decoding=\"async\" class=\"swiper-slide-image\" src=\"https:\/\/drbernhardjogl.at\/wp-content\/uploads\/2023\/05\/Jogl1-347-scaled.jpg\" alt=\"Jogl1-347\" \/><\/figure><\/div><div class=\"swiper-slide\" role=\"group\" aria-roledescription=\"slide\" aria-label=\"4 von 10\"><figure class=\"swiper-slide-inner\"><img decoding=\"async\" class=\"swiper-slide-image\" src=\"https:\/\/drbernhardjogl.at\/wp-content\/uploads\/2023\/05\/Jogl1-380-scaled.jpg\" alt=\"Jogl1-380\" \/><\/figure><\/div><div class=\"swiper-slide\" role=\"group\" aria-roledescription=\"slide\" aria-label=\"5 von 10\"><figure class=\"swiper-slide-inner\"><img decoding=\"async\" class=\"swiper-slide-image\" src=\"https:\/\/drbernhardjogl.at\/wp-content\/uploads\/2023\/05\/Jogl1-363-scaled.jpg\" alt=\"Jogl1-363\" \/><\/figure><\/div><div class=\"swiper-slide\" role=\"group\" aria-roledescription=\"slide\" aria-label=\"6 von 10\"><figure class=\"swiper-slide-inner\"><img decoding=\"async\" class=\"swiper-slide-image\" src=\"https:\/\/drbernhardjogl.at\/wp-content\/uploads\/2023\/05\/Jogl1-353-scaled.jpg\" alt=\"Jogl1-353\" \/><\/figure><\/div><div class=\"swiper-slide\" role=\"group\" aria-roledescription=\"slide\" aria-label=\"7 von 10\"><figure class=\"swiper-slide-inner\"><img decoding=\"async\" class=\"swiper-slide-image\" src=\"https:\/\/drbernhardjogl.at\/wp-content\/uploads\/2023\/05\/Jogl1-275-scaled.jpg\" alt=\"Jogl1-275\" \/><\/figure><\/div><div class=\"swiper-slide\" role=\"group\" aria-roledescription=\"slide\" aria-label=\"8 von 10\"><figure class=\"swiper-slide-inner\"><img decoding=\"async\" class=\"swiper-slide-image\" src=\"https:\/\/drbernhardjogl.at\/wp-content\/uploads\/2023\/05\/Jogl1-372-scaled.jpg\" alt=\"Jogl1-372\" \/><\/figure><\/div><div class=\"swiper-slide\" role=\"group\" aria-roledescription=\"slide\" aria-label=\"9 von 10\"><figure class=\"swiper-slide-inner\"><img decoding=\"async\" class=\"swiper-slide-image\" src=\"https:\/\/drbernhardjogl.at\/wp-content\/uploads\/2023\/05\/Jogl1-229-scaled.jpg\" alt=\"Jogl1-229\" \/><\/figure><\/div><div class=\"swiper-slide\" role=\"group\" aria-roledescription=\"slide\" aria-label=\"10 von 10\"><figure class=\"swiper-slide-inner\"><img decoding=\"async\" class=\"swiper-slide-image\" src=\"https:\/\/drbernhardjogl.at\/wp-content\/uploads\/2024\/06\/Jogl2-0058-scaled.jpg\" alt=\"Jogl2-0058\" \/><\/figure><\/div>\t\t\t<\/div>\n\t\t\t\t\t\t\t\t\t\t\t\t<div class=\"elementor-swiper-button elementor-swiper-button-prev\" role=\"button\" tabindex=\"0\">\n\t\t\t\t\t\t<i aria-hidden=\"true\" class=\"eicon-chevron-left\"><\/i>\t\t\t\t\t<\/div>\n\t\t\t\t\t<div class=\"elementor-swiper-button elementor-swiper-button-next\" role=\"button\" tabindex=\"0\">\n\t\t\t\t\t\t<i aria-hidden=\"true\" class=\"eicon-chevron-right\"><\/i>\t\t\t\t\t<\/div>\n\t\t\t\t\n\t\t\t\t\t\t\t\t\t<\/div>\n\t\t\t\t\t\t<\/div>\n\t\t\t\t<\/div>\n\t\t\t\t<div class=\"elementor-element elementor-element-0885ed1 elementor-widget elementor-widget-text-editor\" data-id=\"0885ed1\" data-element_type=\"widget\" data-e-type=\"widget\" data-widget_type=\"text-editor.default\">\n\t\t\t\t<div class=\"elementor-widget-container\">\n\t\t\t\t\t\t\t\t\t<p>Fotos Copyright Werner Krug, <a href=\"http:\/\/www.derkrug.at\">www.derkrug.at<\/a><\/p><p>Die Gem\u00e4lde in den Praxisr\u00e4umlichkeiten werden mir freundlicherweise von meinem Schwager dem K\u00fcnstler Gerhard Almbauer zu Verf\u00fcgung gestellt. Sie sind k\u00e4uflich zu erwerben.<br \/>Visitenkarten sowie Informationen diesbez\u00fcglich sind an der Anmeldung erh\u00e4ltlich.<\/p>\t\t\t\t\t\t\t\t<\/div>\n\t\t\t\t<\/div>\n\t\t\t\t\t<\/div>\n\t\t<\/div>\n\t\t\t\t\t<\/div>\n\t\t<\/section>\n\t\t\t\t<\/div>\n\t\t","protected":false},"excerpt":{"rendered":"<p>Bildergalerie Fotos Copyright Werner Krug, www.derkrug.at Die Gem\u00e4lde in den Praxisr\u00e4umlichkeiten werden mir freundlicherweise von meinem Schwager dem K\u00fcnstler Gerhard Almbauer zu Verf\u00fcgung gestellt. Sie sind k\u00e4uflich zu erwerben.Visitenkarten sowie Informationen diesbez\u00fcglich sind an der Anmeldung erh\u00e4ltlich.<\/p>\n","protected":false},"author":3,"featured_media":0,"parent":0,"menu_order":0,"comment_status":"closed","ping_status":"closed","template":"elementor_header_footer","meta":{"footnotes":""},"class_list":["post-52","page","type-page","status-publish","hentry"],"yoast_head":"<!-- This site is optimized with the Yoast SEO plugin v27.5 - https:\/\/yoast.com\/product\/yoast-seo-wordpress\/ -->\n<title>Bildergalerie - DDr. Bernhard Jogl<\/title>\n<meta name=\"robots\" content=\"index, follow, max-snippet:-1, max-image-preview:large, max-video-preview:-1\" \/>\n<link rel=\"canonical\" href=\"https:\/\/drbernhardjogl.at\/index.php\/ueber-die-praxis\/\" \/>\n<meta property=\"og:locale\" content=\"de_DE\" \/>\n<meta property=\"og:type\" content=\"article\" \/>\n<meta property=\"og:title\" content=\"Bildergalerie - DDr. Bernhard Jogl\" \/>\n<meta property=\"og:description\" content=\"Bildergalerie Fotos Copyright Werner Krug, www.derkrug.at Die Gem\u00e4lde in den Praxisr\u00e4umlichkeiten werden mir freundlicherweise von meinem Schwager dem K\u00fcnstler Gerhard Almbauer zu Verf\u00fcgung gestellt. Sie sind k\u00e4uflich zu erwerben.Visitenkarten sowie Informationen diesbez\u00fcglich sind an der Anmeldung erh\u00e4ltlich.\" \/>\n<meta property=\"og:url\" content=\"https:\/\/drbernhardjogl.at\/index.php\/ueber-die-praxis\/\" \/>\n<meta property=\"og:site_name\" content=\"DDr. Bernhard Jogl\" \/>\n<meta property=\"article:modified_time\" content=\"2024-06-10T13:04:55+00:00\" \/>\n<meta property=\"og:image\" content=\"https:\/\/drbernhardjogl.at\/wp-content\/uploads\/2023\/05\/Jogl1-094-scaled.jpg\" \/>\n<meta name=\"twitter:card\" content=\"summary_large_image\" \/>\n<meta name=\"twitter:label1\" content=\"Gesch\u00e4tzte Lesezeit\" \/>\n\t<meta name=\"twitter:data1\" content=\"3\u00a0Minuten\" \/>\n<script type=\"application\/ld+json\" class=\"yoast-schema-graph\">{\"@context\":\"https:\\\/\\\/schema.org\",\"@graph\":[{\"@type\":\"WebPage\",\"@id\":\"https:\\\/\\\/drbernhardjogl.at\\\/index.php\\\/ueber-die-praxis\\\/\",\"url\":\"https:\\\/\\\/drbernhardjogl.at\\\/index.php\\\/ueber-die-praxis\\\/\",\"name\":\"Bildergalerie - DDr. Bernhard Jogl\",\"isPartOf\":{\"@id\":\"https:\\\/\\\/drbernhardjogl.at\\\/#website\"},\"primaryImageOfPage\":{\"@id\":\"https:\\\/\\\/drbernhardjogl.at\\\/index.php\\\/ueber-die-praxis\\\/#primaryimage\"},\"image\":{\"@id\":\"https:\\\/\\\/drbernhardjogl.at\\\/index.php\\\/ueber-die-praxis\\\/#primaryimage\"},\"thumbnailUrl\":\"https:\\\/\\\/drbernhardjogl.at\\\/wp-content\\\/uploads\\\/2023\\\/05\\\/Jogl1-094-scaled.jpg\",\"datePublished\":\"2023-05-09T10:36:15+00:00\",\"dateModified\":\"2024-06-10T13:04:55+00:00\",\"breadcrumb\":{\"@id\":\"https:\\\/\\\/drbernhardjogl.at\\\/index.php\\\/ueber-die-praxis\\\/#breadcrumb\"},\"inLanguage\":\"de\",\"potentialAction\":[{\"@type\":\"ReadAction\",\"target\":[\"https:\\\/\\\/drbernhardjogl.at\\\/index.php\\\/ueber-die-praxis\\\/\"]}]},{\"@type\":\"ImageObject\",\"inLanguage\":\"de\",\"@id\":\"https:\\\/\\\/drbernhardjogl.at\\\/index.php\\\/ueber-die-praxis\\\/#primaryimage\",\"url\":\"https:\\\/\\\/drbernhardjogl.at\\\/wp-content\\\/uploads\\\/2023\\\/05\\\/Jogl1-094-scaled.jpg\",\"contentUrl\":\"https:\\\/\\\/drbernhardjogl.at\\\/wp-content\\\/uploads\\\/2023\\\/05\\\/Jogl1-094-scaled.jpg\",\"width\":2560,\"height\":1706},{\"@type\":\"BreadcrumbList\",\"@id\":\"https:\\\/\\\/drbernhardjogl.at\\\/index.php\\\/ueber-die-praxis\\\/#breadcrumb\",\"itemListElement\":[{\"@type\":\"ListItem\",\"position\":1,\"name\":\"Startseite\",\"item\":\"https:\\\/\\\/drbernhardjogl.at\\\/\"},{\"@type\":\"ListItem\",\"position\":2,\"name\":\"Bildergalerie\"}]},{\"@type\":\"WebSite\",\"@id\":\"https:\\\/\\\/drbernhardjogl.at\\\/#website\",\"url\":\"https:\\\/\\\/drbernhardjogl.at\\\/\",\"name\":\"DDr. Bernhard Jogl\",\"description\":\"Arzt f\u00fcr Allgemeinmedizin Alle Kassen und Privat\",\"potentialAction\":[{\"@type\":\"SearchAction\",\"target\":{\"@type\":\"EntryPoint\",\"urlTemplate\":\"https:\\\/\\\/drbernhardjogl.at\\\/?s={search_term_string}\"},\"query-input\":{\"@type\":\"PropertyValueSpecification\",\"valueRequired\":true,\"valueName\":\"search_term_string\"}}],\"inLanguage\":\"de\"}]}<\/script>\n<!-- \/ Yoast SEO plugin. -->","yoast_head_json":{"title":"Bildergalerie - DDr. Bernhard Jogl","robots":{"index":"index","follow":"follow","max-snippet":"max-snippet:-1","max-image-preview":"max-image-preview:large","max-video-preview":"max-video-preview:-1"},"canonical":"https:\/\/drbernhardjogl.at\/index.php\/ueber-die-praxis\/","og_locale":"de_DE","og_type":"article","og_title":"Bildergalerie - DDr. Bernhard Jogl","og_description":"Bildergalerie Fotos Copyright Werner Krug, www.derkrug.at Die Gem\u00e4lde in den Praxisr\u00e4umlichkeiten werden mir freundlicherweise von meinem Schwager dem K\u00fcnstler Gerhard Almbauer zu Verf\u00fcgung gestellt. Sie sind k\u00e4uflich zu erwerben.Visitenkarten sowie Informationen diesbez\u00fcglich sind an der Anmeldung erh\u00e4ltlich.","og_url":"https:\/\/drbernhardjogl.at\/index.php\/ueber-die-praxis\/","og_site_name":"DDr. Bernhard Jogl","article_modified_time":"2024-06-10T13:04:55+00:00","og_image":[{"url":"https:\/\/drbernhardjogl.at\/wp-content\/uploads\/2023\/05\/Jogl1-094-scaled.jpg","type":"","width":"","height":""}],"twitter_card":"summary_large_image","twitter_misc":{"Gesch\u00e4tzte Lesezeit":"3\u00a0Minuten"},"schema":{"@context":"https:\/\/schema.org","@graph":[{"@type":"WebPage","@id":"https:\/\/drbernhardjogl.at\/index.php\/ueber-die-praxis\/","url":"https:\/\/drbernhardjogl.at\/index.php\/ueber-die-praxis\/","name":"Bildergalerie - DDr. Bernhard Jogl","isPartOf":{"@id":"https:\/\/drbernhardjogl.at\/#website"},"primaryImageOfPage":{"@id":"https:\/\/drbernhardjogl.at\/index.php\/ueber-die-praxis\/#primaryimage"},"image":{"@id":"https:\/\/drbernhardjogl.at\/index.php\/ueber-die-praxis\/#primaryimage"},"thumbnailUrl":"https:\/\/drbernhardjogl.at\/wp-content\/uploads\/2023\/05\/Jogl1-094-scaled.jpg","datePublished":"2023-05-09T10:36:15+00:00","dateModified":"2024-06-10T13:04:55+00:00","breadcrumb":{"@id":"https:\/\/drbernhardjogl.at\/index.php\/ueber-die-praxis\/#breadcrumb"},"inLanguage":"de","potentialAction":[{"@type":"ReadAction","target":["https:\/\/drbernhardjogl.at\/index.php\/ueber-die-praxis\/"]}]},{"@type":"ImageObject","inLanguage":"de","@id":"https:\/\/drbernhardjogl.at\/index.php\/ueber-die-praxis\/#primaryimage","url":"https:\/\/drbernhardjogl.at\/wp-content\/uploads\/2023\/05\/Jogl1-094-scaled.jpg","contentUrl":"https:\/\/drbernhardjogl.at\/wp-content\/uploads\/2023\/05\/Jogl1-094-scaled.jpg","width":2560,"height":1706},{"@type":"BreadcrumbList","@id":"https:\/\/drbernhardjogl.at\/index.php\/ueber-die-praxis\/#breadcrumb","itemListElement":[{"@type":"ListItem","position":1,"name":"Startseite","item":"https:\/\/drbernhardjogl.at\/"},{"@type":"ListItem","position":2,"name":"Bildergalerie"}]},{"@type":"WebSite","@id":"https:\/\/drbernhardjogl.at\/#website","url":"https:\/\/drbernhardjogl.at\/","name":"DDr. Bernhard Jogl","description":"Arzt f\u00fcr Allgemeinmedizin Alle Kassen und Privat","potentialAction":[{"@type":"SearchAction","target":{"@type":"EntryPoint","urlTemplate":"https:\/\/drbernhardjogl.at\/?s={search_term_string}"},"query-input":{"@type":"PropertyValueSpecification","valueRequired":true,"valueName":"search_term_string"}}],"inLanguage":"de"}]}},"_links":{"self":[{"href":"https:\/\/drbernhardjogl.at\/index.php\/wp-json\/wp\/v2\/pages\/52","targetHints":{"allow":["GET"]}}],"collection":[{"href":"https:\/\/drbernhardjogl.at\/index.php\/wp-json\/wp\/v2\/pages"}],"about":[{"href":"https:\/\/drbernhardjogl.at\/index.php\/wp-json\/wp\/v2\/types\/page"}],"author":[{"embeddable":true,"href":"https:\/\/drbernhardjogl.at\/index.php\/wp-json\/wp\/v2\/users\/3"}],"replies":[{"embeddable":true,"href":"https:\/\/drbernhardjogl.at\/index.php\/wp-json\/wp\/v2\/comments?post=52"}],"version-history":[{"count":32,"href":"https:\/\/drbernhardjogl.at\/index.php\/wp-json\/wp\/v2\/pages\/52\/revisions"}],"predecessor-version":[{"id":780,"href":"https:\/\/drbernhardjogl.at\/index.php\/wp-json\/wp\/v2\/pages\/52\/revisions\/780"}],"wp:attachment":[{"href":"https:\/\/drbernhardjogl.at\/index.php\/wp-json\/wp\/v2\/media?parent=52"}],"curies":[{"name":"wp","href":"https:\/\/api.w.org\/{rel}","templated":true}]}}